{"id":8302,"date":"2021-10-05T10:38:56","date_gmt":"2021-10-05T10:38:56","guid":{"rendered":"https:\/\/apartment-moraira.com\/booking\/"},"modified":"2024-09-09T15:45:47","modified_gmt":"2024-09-09T15:45:47","slug":"buchen","status":"publish","type":"page","link":"https:\/\/apartment-moraira.com\/de\/buchen\/","title":{"rendered":"Buchen Sie Ihre Ferienwohnung in Moraira"},"content":{"rendered":"<div class=\"gb-container gb-container-7d0a3057\"><div class=\"gb-inside-container\">\n\n<h2 class=\"gb-headline gb-headline-3ee20fe4\"><span class=\"gb-icon\"><svg xmlns=\"http:\/\/www.w3.org\/2000\/svg\" viewBox=\"0 0 36.7 3\"><path d=\"M0 0h36.7v3H0z\"><\/path><\/svg><\/span><span class=\"gb-headline-text\"> Buchen Sie Ihre Wohnung in Moraira \/\/ Das Leben ist zu kurz f\u00fcr Kompromisse<\/span><\/h2>\n\n\n\n<p class=\"gb-headline gb-headline-c023c11e gb-headline-text\">Buchen Sie jetzt Ihre Auszeit in der Ferienwohnung Casamora in Moraira und erleben Sie eine entspannte Zeit an der Costa Blanca.<br><br>Die Ferienwohnung Casamora liegt direkt im Ortskern von Moraira und ist der ideale Ausgangs- und Erholungspunkt f\u00fcr Ihre Aktivit\u00e4ten.<br><br>Hier finden Sie einige <a title=\"Wir zeigen Ihnen Eindr\u00fccke von der Costa Blanca und ihrer Vielfalt\" href=\"https:\/\/apartment-moraira.com\/de\/impressionen-costa-blanca\/\" data-type=\"page\" data-id=\"8313\">Impressionen von der Costa Blanca<\/a> und ihrer Vielfalt.<\/p>\n\n\n\n<div style=\"height:50px\" aria-hidden=\"true\" class=\"wp-block-spacer\"><\/div>\n\n\n<div class=\"gb-container gb-container-bf974190\"><div class=\"gb-inside-container\">\n\n<h2 class=\"gb-headline gb-headline-f75a6e88\"><span class=\"gb-icon\"><svg viewBox=\"0 0 36.7 3\" xmlns=\"http:\/\/www.w3.org\/2000\/svg\"><path d=\"M0 0h36.7v3H0z\"><\/path><\/svg><\/span><span class=\"gb-headline-text\"><strong>Ferienwohnung Casamora in Moraira<\/strong> \/\/ Buchen Sie jetzt Ihre Auszeit<\/span><\/h2>\n\n\n\n\n\n<div style=\"height:30px\" aria-hidden=\"true\" class=\"wp-block-spacer\"><\/div>\n\n\n\n<p>Im Moment k\u00f6nnen Sie uns Ihre Anfrage nur \u00fcber das <a href=\"https:\/\/apartment-moraira.com\/de\/buchen\/#kontakt\">Kontaktformular<\/a> oder per <a href=\"mailto:booking@apartmentmoraira.com\">E-Mail<\/a> senden.<\/p>\n\n\n\n<div style=\"height:30px\" aria-hidden=\"true\" class=\"wp-block-spacer\"><\/div>\n\n<\/div><\/div>\n<\/div><\/div>\n\n<div class=\"gb-container gb-container-d63043d4\"><div class=\"gb-inside-container\">\n\n<p class=\"gb-headline gb-headline-ae779fa6\"><span class=\"gb-icon\"><svg viewBox=\"0 0 36.7 3\" xmlns=\"http:\/\/www.w3.org\/2000\/svg\"><path d=\"M0 0h36.7v3H0z\"><\/path><\/svg><\/span><span class=\"gb-headline-text\">Ferienwohnung Casamora in Moraira \/\/ G\u00e4stebewertungen<\/span><\/p>\n\n\n\n<p class=\"has-text-align-center has-medium-font-size\"><mark style=\"background-color:rgba(0, 0, 0, 0);color:#009ce1\" class=\"has-inline-color\"><mark style=\"background-color:rgba(0, 0, 0, 0);color:#009ce1\" class=\"has-inline-color\">Dies ist der Lieblingsort unserer G\u00e4ste in Moraira, wie unabh\u00e4ngige Bewertungen zeigen. Vielen Dank daf\u00fcr!<\/mark><\/mark><\/p>\n\n\n<div class=\"gb-grid-wrapper gb-grid-wrapper-74356e16\">\n<div class=\"gb-grid-column gb-grid-column-290b2c53\"><div class=\"gb-container gb-container-290b2c53\"><div class=\"gb-inside-container\">\n<div class=\"gb-grid-wrapper gb-grid-wrapper-74e54fbd\">\n<div class=\"gb-grid-column gb-grid-column-ed37f963\"><div class=\"gb-container gb-container-ed37f963\"><div class=\"gb-inside-container\">\n\n<p class=\"gb-headline gb-headline-1583f013 gb-headline-text\">\u201cMein Mann und ich haben gerade eine fabelhafte Woche im Apartment Casamora verbracht. Die Wohnung ist ideal im Stadtzentrum gelegen, nur einen kurzen Spaziergang vom Strand entfernt. Sie war blitzsauber und ist sehr komfortabel. Auch der Poolbereich war sehr gepflegt. Pascal h\u00e4tte nicht hilfsbereiter sein k\u00f6nnen und wir werden auf jeden Fall wiederkommen!\u201d<\/p>\n\n\n\n<p class=\"gb-headline gb-headline-3eba1dbd gb-headline-text\">Tracey<em>&nbsp;@&nbsp;<\/em>Vereinigtes K\u00f6nigreich<br>Booking<\/p>\n\n<\/div><\/div><\/div>\n<\/div>\n<\/div><\/div><\/div>\n\n<div class=\"gb-grid-column gb-grid-column-c5b7bd3e\"><div class=\"gb-container gb-container-c5b7bd3e\"><div class=\"gb-inside-container\">\n<div class=\"gb-grid-wrapper gb-grid-wrapper-25706107\">\n<div class=\"gb-grid-column gb-grid-column-8ea601b0\"><div class=\"gb-container gb-container-8ea601b0\"><div class=\"gb-inside-container\">\n\n<p class=\"gb-headline gb-headline-dd560dce gb-headline-text\">&#8222;Ein angenehmer Urlaub in perfekter Lage, es ist alles vorhanden, was man braucht und was den Alltag im Urlaub erleichtert, gute Parkm\u00f6glichkeiten vor Ort, wir kommen bestimmt wieder.&#8220;<\/p>\n\n\n\n<p class=\"gb-headline gb-headline-06abfda3 gb-headline-text\">Anna @ Polen<br>Google<\/p>\n\n<\/div><\/div><\/div>\n<\/div>\n<\/div><\/div><\/div>\n<\/div>\n\n\n<div style=\"height:100px\" aria-hidden=\"true\" class=\"wp-block-spacer\"><\/div>\n\n\n<div class=\"shariff shariff-align-left shariff-widget-align-left shariff-buttonstretch\"><ul class=\"shariff-buttons theme-white orientation-horizontal buttonsize-medium\"><li class=\"shariff-button facebook\" style=\"background-color:#009ce1\"><a href=\"https:\/\/www.facebook.com\/sharer\/sharer.php?u=https%3A%2F%2Fapartment-moraira.com%2Fde%2Fbuchen%2F\" title=\"Bei Facebook teilen\" aria-label=\"Bei Facebook teilen\" role=\"button\" rel=\"nofollow\" class=\"shariff-link\" style=\"; background-color:#009ce1; color:#009ce1\" target=\"_blank\"><span class=\"shariff-icon\" style=\"fill:#009ce1\"><svg width=\"32px\" height=\"20px\" xmlns=\"http:\/\/www.w3.org\/2000\/svg\" viewBox=\"0 0 18 32\"><path fill=\"#3b5998\" d=\"M17.1 0.2v4.7h-2.8q-1.5 0-2.1 0.6t-0.5 1.9v3.4h5.2l-0.7 5.3h-4.5v13.6h-5.5v-13.6h-4.5v-5.3h4.5v-3.9q0-3.3 1.9-5.2t5-1.8q2.6 0 4.1 0.2z\"\/><\/svg><\/span><span class=\"shariff-text\" style=\"color:#009ce1\">teilen<\/span>&nbsp;<\/a><\/li><li class=\"shariff-button twitter\" style=\"background-color:#009ce1\"><a href=\"https:\/\/twitter.com\/share?url=https%3A%2F%2Fapartment-moraira.com%2Fde%2Fbuchen%2F&text=Buchen%20Sie%20Ihre%20Ferienwohnung%20in%20Moraira\" title=\"Bei X teilen\" aria-label=\"Bei X teilen\" role=\"button\" rel=\"noopener nofollow\" class=\"shariff-link\" style=\"; background-color:#009ce1; color:#009ce1\" target=\"_blank\"><span class=\"shariff-icon\" style=\"fill:#009ce1\"><svg width=\"32px\" height=\"20px\" xmlns=\"http:\/\/www.w3.org\/2000\/svg\" viewBox=\"0 0 24 24\"><path fill=\"#000\" d=\"M14.258 10.152L23.176 0h-2.113l-7.747 8.813L7.133 0H0l9.352 13.328L0 23.973h2.113l8.176-9.309 6.531 9.309h7.133zm-2.895 3.293l-.949-1.328L2.875 1.56h3.246l6.086 8.523.945 1.328 7.91 11.078h-3.246zm0 0\"\/><\/svg><\/span><span class=\"shariff-text\" style=\"color:#009ce1\">teilen<\/span>&nbsp;<\/a><\/li><li class=\"shariff-button linkedin\" style=\"background-color:#009ce1\"><a href=\"https:\/\/www.linkedin.com\/sharing\/share-offsite\/?url=https%3A%2F%2Fapartment-moraira.com%2Fde%2Fbuchen%2F\" title=\"Bei LinkedIn teilen\" aria-label=\"Bei LinkedIn teilen\" role=\"button\" rel=\"noopener nofollow\" class=\"shariff-link\" style=\"; background-color:#009ce1; color:#009ce1\" target=\"_blank\"><span class=\"shariff-icon\" style=\"fill:#009ce1\"><svg width=\"32px\" height=\"20px\" xmlns=\"http:\/\/www.w3.org\/2000\/svg\" viewBox=\"0 0 27 32\"><path fill=\"#0077b5\" d=\"M6.2 11.2v17.7h-5.9v-17.7h5.9zM6.6 5.7q0 1.3-0.9 2.2t-2.4 0.9h0q-1.5 0-2.4-0.9t-0.9-2.2 0.9-2.2 2.4-0.9 2.4 0.9 0.9 2.2zM27.4 18.7v10.1h-5.9v-9.5q0-1.9-0.7-2.9t-2.3-1.1q-1.1 0-1.9 0.6t-1.2 1.5q-0.2 0.5-0.2 1.4v9.9h-5.9q0-7.1 0-11.6t0-5.3l0-0.9h5.9v2.6h0q0.4-0.6 0.7-1t1-0.9 1.6-0.8 2-0.3q3 0 4.9 2t1.9 6z\"\/><\/svg><\/span><span class=\"shariff-text\" style=\"color:#009ce1\">teilen<\/span>&nbsp;<\/a><\/li><li class=\"shariff-button pinterest\" style=\"background-color:#009ce1\"><a href=\"https:\/\/www.pinterest.com\/pin\/create\/link\/?url=https%3A%2F%2Fapartment-moraira.com%2Fde%2Fbuchen%2F&media=https%3A%2F%2Fapartment-moraira.com%2Fwp-content%2Fplugins%2Fshariff%2Fimages%2FdefaultHint.png&description=Buchen%20Sie%20Ihre%20Ferienwohnung%20in%20Moraira\" title=\"Bei Pinterest pinnen\" aria-label=\"Bei Pinterest pinnen\" role=\"button\" rel=\"noopener nofollow\" class=\"shariff-link\" style=\"; background-color:#009ce1; color:#009ce1\" target=\"_blank\"><span class=\"shariff-icon\" style=\"fill:#009ce1\"><svg width=\"32px\" height=\"20px\" xmlns=\"http:\/\/www.w3.org\/2000\/svg\" viewBox=\"0 0 27 32\"><path fill=\"#cb2027\" d=\"M27.4 16q0 3.7-1.8 6.9t-5 5-6.9 1.9q-2 0-3.9-0.6 1.1-1.7 1.4-2.9 0.2-0.6 1-3.8 0.4 0.7 1.3 1.2t2 0.5q2.1 0 3.8-1.2t2.7-3.4 0.9-4.8q0-2-1.1-3.8t-3.1-2.9-4.5-1.2q-1.9 0-3.5 0.5t-2.8 1.4-2 2-1.2 2.3-0.4 2.4q0 1.9 0.7 3.3t2.1 2q0.5 0.2 0.7-0.4 0-0.1 0.1-0.5t0.2-0.5q0.1-0.4-0.2-0.8-0.9-1.1-0.9-2.7 0-2.7 1.9-4.6t4.9-2q2.7 0 4.2 1.5t1.5 3.8q0 3-1.2 5.2t-3.1 2.1q-1.1 0-1.7-0.8t-0.4-1.9q0.1-0.6 0.5-1.7t0.5-1.8 0.2-1.4q0-0.9-0.5-1.5t-1.4-0.6q-1.1 0-1.9 1t-0.8 2.6q0 1.3 0.4 2.2l-1.8 7.5q-0.3 1.2-0.2 3.2-3.7-1.6-6-5t-2.3-7.6q0-3.7 1.9-6.9t5-5 6.9-1.9 6.9 1.9 5 5 1.8 6.9z\"\/><\/svg><\/span><span class=\"shariff-text\" style=\"color:#009ce1\">merken<\/span>&nbsp;<\/a><\/li><li class=\"shariff-button whatsapp\" style=\"background-color:#009ce1\"><a href=\"https:\/\/api.whatsapp.com\/send?text=https%3A%2F%2Fapartment-moraira.com%2Fde%2Fbuchen%2F%20Buchen%20Sie%20Ihre%20Ferienwohnung%20in%20Moraira\" title=\"Bei Whatsapp teilen\" aria-label=\"Bei Whatsapp teilen\" role=\"button\" rel=\"noopener nofollow\" class=\"shariff-link\" style=\"; background-color:#009ce1; color:#009ce1\" target=\"_blank\"><span class=\"shariff-icon\" style=\"fill:#009ce1\"><svg width=\"32px\" height=\"20px\" xmlns=\"http:\/\/www.w3.org\/2000\/svg\" viewBox=\"0 0 32 32\"><path fill=\"#34af23\" d=\"M17.6 17.4q0.2 0 1.7 0.8t1.6 0.9q0 0.1 0 0.3 0 0.6-0.3 1.4-0.3 0.7-1.3 1.2t-1.8 0.5q-1 0-3.4-1.1-1.7-0.8-3-2.1t-2.6-3.3q-1.3-1.9-1.3-3.5v-0.1q0.1-1.6 1.3-2.8 0.4-0.4 0.9-0.4 0.1 0 0.3 0t0.3 0q0.3 0 0.5 0.1t0.3 0.5q0.1 0.4 0.6 1.6t0.4 1.3q0 0.4-0.6 1t-0.6 0.8q0 0.1 0.1 0.3 0.6 1.3 1.8 2.4 1 0.9 2.7 1.8 0.2 0.1 0.4 0.1 0.3 0 1-0.9t0.9-0.9zM14 26.9q2.3 0 4.3-0.9t3.6-2.4 2.4-3.6 0.9-4.3-0.9-4.3-2.4-3.6-3.6-2.4-4.3-0.9-4.3 0.9-3.6 2.4-2.4 3.6-0.9 4.3q0 3.6 2.1 6.6l-1.4 4.2 4.3-1.4q2.8 1.9 6.2 1.9zM14 2.2q2.7 0 5.2 1.1t4.3 2.9 2.9 4.3 1.1 5.2-1.1 5.2-2.9 4.3-4.3 2.9-5.2 1.1q-3.5 0-6.5-1.7l-7.4 2.4 2.4-7.2q-1.9-3.2-1.9-6.9 0-2.7 1.1-5.2t2.9-4.3 4.3-2.9 5.2-1.1z\"\/><\/svg><\/span><span class=\"shariff-text\" style=\"color:#009ce1\">teilen<\/span>&nbsp;<\/a><\/li><li class=\"shariff-button telegram\" style=\"background-color:#009ce1\"><a href=\"https:\/\/telegram.me\/share\/url?url=https%3A%2F%2Fapartment-moraira.com%2Fde%2Fbuchen%2F&text=Buchen%20Sie%20Ihre%20Ferienwohnung%20in%20Moraira\" title=\"Bei Telegram teilen\" aria-label=\"Bei Telegram teilen\" role=\"button\" rel=\"noopener nofollow\" class=\"shariff-link\" style=\"; background-color:#009ce1; color:#009ce1\" target=\"_blank\"><span class=\"shariff-icon\" style=\"fill:#009ce1\"><svg width=\"32px\" height=\"20px\" xmlns=\"http:\/\/www.w3.org\/2000\/svg\" viewBox=\"0 0 32 32\"><path fill=\"#0088cc\" d=\"M30.8 6.5l-4.5 21.4c-.3 1.5-1.2 1.9-2.5 1.2L16.9 24l-3.3 3.2c-.4.4-.7.7-1.4.7l.5-7L25.5 9.2c.6-.5-.1-.8-.9-.3l-15.8 10L2 16.7c-1.5-.5-1.5-1.5.3-2.2L28.9 4.3c1.3-.5 2.3.3 1.9 2.2z\"\/><\/svg><\/span><span class=\"shariff-text\" style=\"color:#009ce1\">teilen<\/span>&nbsp;<\/a><\/li><li class=\"shariff-button mailto\" style=\"background-color:#009ce1\"><a href=\"mailto:?body=https%3A%2F%2Fapartment-moraira.com%2Fde%2Fbuchen%2F&subject=Buchen%20Sie%20Ihre%20Ferienwohnung%20in%20Moraira\" title=\"Per E-Mail versenden\" aria-label=\"Per E-Mail versenden\" role=\"button\" rel=\"noopener nofollow\" class=\"shariff-link\" style=\"; background-color:#009ce1; color:#009ce1\"><span class=\"shariff-icon\" style=\"fill:#009ce1\"><svg width=\"32px\" height=\"20px\" xmlns=\"http:\/\/www.w3.org\/2000\/svg\" viewBox=\"0 0 32 32\"><path fill=\"#999\" d=\"M32 12.7v14.2q0 1.2-0.8 2t-2 0.9h-26.3q-1.2 0-2-0.9t-0.8-2v-14.2q0.8 0.9 1.8 1.6 6.5 4.4 8.9 6.1 1 0.8 1.6 1.2t1.7 0.9 2 0.4h0.1q0.9 0 2-0.4t1.7-0.9 1.6-1.2q3-2.2 8.9-6.1 1-0.7 1.8-1.6zM32 7.4q0 1.4-0.9 2.7t-2.2 2.2q-6.7 4.7-8.4 5.8-0.2 0.1-0.7 0.5t-1 0.7-0.9 0.6-1.1 0.5-0.9 0.2h-0.1q-0.4 0-0.9-0.2t-1.1-0.5-0.9-0.6-1-0.7-0.7-0.5q-1.6-1.1-4.7-3.2t-3.6-2.6q-1.1-0.7-2.1-2t-1-2.5q0-1.4 0.7-2.3t2.1-0.9h26.3q1.2 0 2 0.8t0.9 2z\"\/><\/svg><\/span><span class=\"shariff-text\" style=\"color:#009ce1\">E-Mail<\/span>&nbsp;<\/a><\/li><\/ul><\/div>\n\n<\/div><\/div>","protected":false},"excerpt":{"rendered":"<p>Buchen Sie Ihre Wohnung in Moraira \/\/ Das Leben ist zu kurz f\u00fcr Kompromisse Buchen Sie jetzt Ihre Auszeit in der Ferienwohnung Casamora in Moraira und erleben Sie eine entspannte Zeit an der Costa Blanca. Die Ferienwohnung Casamora liegt direkt im Ortskern von Moraira und ist der ideale Ausgangs- und Erholungspunkt f\u00fcr Ihre Aktivit\u00e4ten. Hier &#8230; <a title=\"Buchen Sie Ihre Ferienwohnung in Moraira\" class=\"read-more\" href=\"https:\/\/apartment-moraira.com\/de\/buchen\/\" aria-label=\"Mehr Informationen \u00fcber Buchen Sie Ihre Ferienwohnung in Moraira\">Weiterlesen<\/a><\/p>\n","protected":false},"author":1,"featured_media":0,"parent":0,"menu_order":0,"comment_status":"closed","ping_status":"closed","template":"","meta":{"footnotes":""},"class_list":["post-8302","page","type-page","status-publish"],"_links":{"self":[{"href":"https:\/\/apartment-moraira.com\/de\/wp-json\/wp\/v2\/pages\/8302","targetHints":{"allow":["GET"]}}],"collection":[{"href":"https:\/\/apartment-moraira.com\/de\/wp-json\/wp\/v2\/pages"}],"about":[{"href":"https:\/\/apartment-moraira.com\/de\/wp-json\/wp\/v2\/types\/page"}],"author":[{"embeddable":true,"href":"https:\/\/apartment-moraira.com\/de\/wp-json\/wp\/v2\/users\/1"}],"replies":[{"embeddable":true,"href":"https:\/\/apartment-moraira.com\/de\/wp-json\/wp\/v2\/comments?post=8302"}],"version-history":[{"count":0,"href":"https:\/\/apartment-moraira.com\/de\/wp-json\/wp\/v2\/pages\/8302\/revisions"}],"wp:attachment":[{"href":"https:\/\/apartment-moraira.com\/de\/wp-json\/wp\/v2\/media?parent=8302"}],"curies":[{"name":"wp","href":"https:\/\/api.w.org\/{rel}","templated":true}]}}